{"id":523,"date":"2025-10-09T18:05:29","date_gmt":"2025-10-09T18:05:29","guid":{"rendered":"https:\/\/seatosky.es\/legal-notice\/"},"modified":"2025-10-21T10:01:41","modified_gmt":"2025-10-21T10:01:41","slug":"legal-notice","status":"publish","type":"page","link":"https:\/\/seatosky.es\/en\/legal-notice\/","title":{"rendered":"Legal notice"},"content":{"rendered":"<div class=\"et_pb_section_0 et_pb_section et_section_regular et_block_section\">\n<div class=\"et_pb_row_0 et_pb_row et_pb_gutters3 et_block_row\">\n<div class=\"et_pb_column_0 et_pb_column et_pb_column_4_4 et-last-child et_block_column et_pb_css_mix_blend_mode_passthrough\">\n<div class=\"et_pb_text_0 et_pb_text et_pb_bg_layout_light et_pb_module et_flex_module\"><div class=\"et_pb_text_inner\"><h1>Legal notice<\/h1>\n<p>&nbsp;<\/p>\n<p>Conform\u00e9ment \u00e0 l&#8217;obligation d&#8217;information pr\u00e9vue \u00e0 l&#8217;article 10 de la loi 34\/2002 du 11 juillet relative aux services de la soci\u00e9t\u00e9 de l&#8217;information et au commerce \u00e9lectronique (LSSICE), le propri\u00e9taire du site web https:\/\/seatosky.es vous informe de ce qui suit :<\/p>\n<ul>\n<li>Company name: Sea To Sky Properties, S.L.<\/li>\n<li>NIF: B72805401<\/li>\n<li>Adresse : Paseo de Ginebra 26, Portal 1, 3D, 28022 &#8211; Madrid (Madrid)<\/li>\n<li>Inscrite au registre du commerce de MADRID au tome 44150, folio 165, feuille num\u00e9ro M-778577, inscription 1.<\/li>\n<li>Dans les limites fix\u00e9es par la loi, https:\/\/seatosky.es d\u00e9cline toute responsabilit\u00e9 quant au manque de v\u00e9racit\u00e9, d&#8217;int\u00e9grit\u00e9, d&#8217;actualit\u00e9 et d&#8217;exactitude des donn\u00e9es ou informations contenues dans ses pages Internet.<\/li>\n<\/ul>\n<p>The contents and information do not bind https:\/\/seatosky.es nor do they constitute opinions, advice or legal advice of any kind, as they are merely a service offered for informational and educational purposes. The web pages of https:\/\/seatosky.es may contain links to other third-party websites that https:\/\/seatosky.es cannot control. Therefore, https:\/\/seatosky.es cannot be held responsible for the content that may appear on third-party websites.<\/p>\n<p>The texts, images, sounds, animations, software and all other content included on this website are the exclusive property of https:\/\/seatosky.es or its licensors. Any act of transmission, distribution, transfer, reproduction, storage or total or partial public communication must have the express consent of <a href=\"https:\/\/seatosky.es\">https:\/\/seatosky.es<\/a>.<\/p>\n<p>Likewise, in order to access some of the services offered by https:\/\/seatosky.es through its website, you will be required to provide certain personal data. In compliance with Regulation (EU) 2016\/679 of the European Parliament and of the Council of 27 April 2016 on the protection of natural persons with regard to the processing of personal data and on the free movement of such data, we inform you that by completing these forms, your personal data will be incorporated and processed in the files of Sea To Sky Properties, S.L. in order to provide and offer you our services and to inform you of improvements to the website. We also inform you that you may exercise your rights of access, rectification, cancellation and opposition of your personal data, free of charge, by sending an email to info@seatosky.es or by writing to Paseo de Ginebra 26, Portal 1,3D, 28022 &#8211; Madrid (Madrid).<\/p>\n<\/div><\/div>\n<\/div>\n<\/div>\n<\/div>","protected":false},"excerpt":{"rendered":"","protected":false},"author":3,"featured_media":0,"parent":0,"menu_order":0,"comment_status":"closed","ping_status":"closed","template":"","meta":{"_acf_changed":false,"footnotes":""},"class_list":["post-523","page","type-page","status-publish","hentry"],"acf":[],"dsm_author":{"name":"cactussenygrafic","avatar_url":"https:\/\/secure.gravatar.com\/avatar\/bb454ee17ba8e47272d849674b566136b7ec16cd0105cc978af9d0592d1fb69a?s=96&d=mm&r=g","archive_link":"https:\/\/seatosky.es\/en\/author\/cactussenygrafic\/","biodata":""},"dsm_categories":[],"dsm_attachment_categories":[],"dsm_featured_image":null,"yoast_head":"<!-- This site is optimized with the Yoast SEO plugin v26.6 - https:\/\/yoast.com\/wordpress\/plugins\/seo\/ -->\n<title>Legal notice - Sea to Sky<\/title>\n<meta name=\"robots\" content=\"index, follow, max-snippet:-1, max-image-preview:large, max-video-preview:-1\" \/>\n<link rel=\"canonical\" href=\"https:\/\/seatosky.es\/en\/legal-notice\/\" \/>\n<meta property=\"og:locale\" content=\"en_US\" \/>\n<meta property=\"og:type\" content=\"article\" \/>\n<meta property=\"og:title\" content=\"Legal notice - Sea to Sky\" \/>\n<meta property=\"og:url\" content=\"https:\/\/seatosky.es\/en\/legal-notice\/\" \/>\n<meta property=\"og:site_name\" content=\"Sea to Sky\" \/>\n<meta property=\"article:modified_time\" content=\"2025-10-21T10:01:41+00:00\" \/>\n<meta name=\"twitter:card\" content=\"summary_large_image\" \/>\n<script type=\"application\/ld+json\" class=\"yoast-schema-graph\">{\"@context\":\"https:\/\/schema.org\",\"@graph\":[{\"@type\":\"WebPage\",\"@id\":\"https:\/\/seatosky.es\/en\/legal-notice\/\",\"url\":\"https:\/\/seatosky.es\/en\/legal-notice\/\",\"name\":\"Legal notice - Sea to Sky\",\"isPartOf\":{\"@id\":\"https:\/\/seatosky.es\/en\/#website\"},\"datePublished\":\"2025-10-09T18:05:29+00:00\",\"dateModified\":\"2025-10-21T10:01:41+00:00\",\"breadcrumb\":{\"@id\":\"https:\/\/seatosky.es\/en\/legal-notice\/#breadcrumb\"},\"inLanguage\":\"en-US\",\"potentialAction\":[{\"@type\":\"ReadAction\",\"target\":[\"https:\/\/seatosky.es\/en\/legal-notice\/\"]}]},{\"@type\":\"BreadcrumbList\",\"@id\":\"https:\/\/seatosky.es\/en\/legal-notice\/#breadcrumb\",\"itemListElement\":[{\"@type\":\"ListItem\",\"position\":1,\"name\":\"Portada\",\"item\":\"https:\/\/seatosky.es\/en\/\"},{\"@type\":\"ListItem\",\"position\":2,\"name\":\"Legal notice\"}]},{\"@type\":\"WebSite\",\"@id\":\"https:\/\/seatosky.es\/en\/#website\",\"url\":\"https:\/\/seatosky.es\/en\/\",\"name\":\"Sea to Sky\",\"description\":\"\",\"potentialAction\":[{\"@type\":\"SearchAction\",\"target\":{\"@type\":\"EntryPoint\",\"urlTemplate\":\"https:\/\/seatosky.es\/en\/?s={search_term_string}\"},\"query-input\":{\"@type\":\"PropertyValueSpecification\",\"valueRequired\":true,\"valueName\":\"search_term_string\"}}],\"inLanguage\":\"en-US\"}]}<\/script>\n<!-- \/ Yoast SEO plugin. -->","yoast_head_json":{"title":"Legal notice - Sea to Sky","robots":{"index":"index","follow":"follow","max-snippet":"max-snippet:-1","max-image-preview":"max-image-preview:large","max-video-preview":"max-video-preview:-1"},"canonical":"https:\/\/seatosky.es\/en\/legal-notice\/","og_locale":"en_US","og_type":"article","og_title":"Legal notice - Sea to Sky","og_url":"https:\/\/seatosky.es\/en\/legal-notice\/","og_site_name":"Sea to Sky","article_modified_time":"2025-10-21T10:01:41+00:00","twitter_card":"summary_large_image","schema":{"@context":"https:\/\/schema.org","@graph":[{"@type":"WebPage","@id":"https:\/\/seatosky.es\/en\/legal-notice\/","url":"https:\/\/seatosky.es\/en\/legal-notice\/","name":"Legal notice - Sea to Sky","isPartOf":{"@id":"https:\/\/seatosky.es\/en\/#website"},"datePublished":"2025-10-09T18:05:29+00:00","dateModified":"2025-10-21T10:01:41+00:00","breadcrumb":{"@id":"https:\/\/seatosky.es\/en\/legal-notice\/#breadcrumb"},"inLanguage":"en-US","potentialAction":[{"@type":"ReadAction","target":["https:\/\/seatosky.es\/en\/legal-notice\/"]}]},{"@type":"BreadcrumbList","@id":"https:\/\/seatosky.es\/en\/legal-notice\/#breadcrumb","itemListElement":[{"@type":"ListItem","position":1,"name":"Portada","item":"https:\/\/seatosky.es\/en\/"},{"@type":"ListItem","position":2,"name":"Legal notice"}]},{"@type":"WebSite","@id":"https:\/\/seatosky.es\/en\/#website","url":"https:\/\/seatosky.es\/en\/","name":"Sea to Sky","description":"","potentialAction":[{"@type":"SearchAction","target":{"@type":"EntryPoint","urlTemplate":"https:\/\/seatosky.es\/en\/?s={search_term_string}"},"query-input":{"@type":"PropertyValueSpecification","valueRequired":true,"valueName":"search_term_string"}}],"inLanguage":"en-US"}]}},"_links":{"self":[{"href":"https:\/\/seatosky.es\/en\/wp-json\/wp\/v2\/pages\/523","targetHints":{"allow":["GET"]}}],"collection":[{"href":"https:\/\/seatosky.es\/en\/wp-json\/wp\/v2\/pages"}],"about":[{"href":"https:\/\/seatosky.es\/en\/wp-json\/wp\/v2\/types\/page"}],"author":[{"embeddable":true,"href":"https:\/\/seatosky.es\/en\/wp-json\/wp\/v2\/users\/3"}],"replies":[{"embeddable":true,"href":"https:\/\/seatosky.es\/en\/wp-json\/wp\/v2\/comments?post=523"}],"version-history":[{"count":1,"href":"https:\/\/seatosky.es\/en\/wp-json\/wp\/v2\/pages\/523\/revisions"}],"predecessor-version":[{"id":524,"href":"https:\/\/seatosky.es\/en\/wp-json\/wp\/v2\/pages\/523\/revisions\/524"}],"wp:attachment":[{"href":"https:\/\/seatosky.es\/en\/wp-json\/wp\/v2\/media?parent=523"}],"curies":[{"name":"wp","href":"https:\/\/api.w.org\/{rel}","templated":true}]}}